{"id":2100,"date":"2017-10-16T00:43:22","date_gmt":"2017-10-16T03:43:22","guid":{"rendered":"http:\/\/www.behavior.com.br\/blog\/?page_id=2100"},"modified":"2021-08-16T16:36:00","modified_gmt":"2021-08-16T19:36:00","slug":"home","status":"publish","type":"page","link":"https:\/\/www.behavior.com.br\/blog\/es\/","title":{"rendered":"Home"},"content":{"rendered":"<div class=\"wpb-content-wrapper\"><p>[vc_row][vc_column]\t\n\t\t\t\n\t\t<div class=\"row\">\n\t\t\t\n\t\t    <div class=\"col-lg-9 col-lg-push-3 mb-xs-24\">\n\t\t    \t\n<div class=\"post-snippet mb64\">\n\n    <a href=\"https:\/\/www.behavior.com.br\/blog\/es\/sera-nao-conseguimos-ser-ter\/\">\n    <img loading=\"lazy\" decoding=\"async\" width=\"1024\" height=\"537\" src=\"https:\/\/www.behavior.com.br\/blog\/wp-content\/uploads\/2021\/08\/Abre-Blog-behavior-decidir00.png\" class=\"mb24 wp-post-image\" alt=\"\" \/><\/a><div class=\"post-title\">\n    <a href=\"https:\/\/www.behavior.com.br\/blog\/es\/sera-nao-conseguimos-ser-ter\/\"><h1 class=\"inline-block\"><span class=\"label\">16 Aug 2021<\/span>(Portugu\u00eas) Ser\u00e1 que n\u00e3o conseguimos ser e ao mesmo tempo ter?<\/h1><\/a><\/div><ul class=\"post-meta\">\n    <li>\n        <i class=\"ti-user\"><\/i>\n        <span>Escrito por <a href=\"https:\/\/www.behavior.com.br\/blog\/es\/author\/nany\/\" title=\"Entradas de Nany Bilate\" rel=\"author\">Nany Bilate<\/a><\/span>\n    <\/li>\n    <li>\n        <i class=\"ti-tag\"><\/i>\n        <span>Categoria <a href=\"https:\/\/www.behavior.com.br\/blog\/es\/category\/a-desestruturacao\/\" rel=\"category tag\">A Desestrutura\u00e7\u00e3o<\/a><\/span>\n    <\/li>\n<\/ul>    \n    <hr>\n    \n    <p>Disculpa, pero esta entrada est\u00e1 disponible s\u00f3lo en Portugu\u00eas.<!-- AddThis Advanced Settings generic via filter on get_the_excerpt --><!-- AddThis Share Buttons generic via filter on get_the_excerpt --><\/p>\n<a class=\"btn btn-sm\" href=\"https:\/\/www.behavior.com.br\/blog\/es\/sera-nao-conseguimos-ser-ter\/\">Leia mais<\/a>    \n<\/div>\n<div class=\"post-snippet mb64\">\n\n    <a href=\"https:\/\/www.behavior.com.br\/blog\/es\/vulnerabilidade-herois-olimpiadas-toquio\/\">\n    <img loading=\"lazy\" decoding=\"async\" width=\"1024\" height=\"537\" src=\"https:\/\/www.behavior.com.br\/blog\/wp-content\/uploads\/2021\/08\/Abre-Blog-behavior-0000.png\" class=\"mb24 wp-post-image\" alt=\"atleta ol\u00edmpica ginastica\" \/><\/a><div class=\"post-title\">\n    <a href=\"https:\/\/www.behavior.com.br\/blog\/es\/vulnerabilidade-herois-olimpiadas-toquio\/\"><h1 class=\"inline-block\"><span class=\"label\">04 Aug 2021<\/span>(Portugu\u00eas) A vulnerabilidade dos her\u00f3is nas Olimp\u00edadas de T\u00f3quio<\/h1><\/a><\/div><ul class=\"post-meta\">\n    <li>\n        <i class=\"ti-user\"><\/i>\n        <span>Escrito por <a href=\"https:\/\/www.behavior.com.br\/blog\/es\/author\/nany\/\" title=\"Entradas de Nany Bilate\" rel=\"author\">Nany Bilate<\/a><\/span>\n    <\/li>\n    <li>\n        <i class=\"ti-tag\"><\/i>\n        <span>Categoria <a href=\"https:\/\/www.behavior.com.br\/blog\/es\/category\/a-desestruturacao\/\" rel=\"category tag\">A Desestrutura\u00e7\u00e3o<\/a><\/span>\n    <\/li>\n<\/ul>    \n    <hr>\n    \n    <p>Disculpa, pero esta entrada est\u00e1 disponible s\u00f3lo en Portugu\u00eas.<!-- AddThis Advanced Settings generic via filter on get_the_excerpt --><!-- AddThis Share Buttons generic via filter on get_the_excerpt --><\/p>\n<a class=\"btn btn-sm\" href=\"https:\/\/www.behavior.com.br\/blog\/es\/vulnerabilidade-herois-olimpiadas-toquio\/\">Leia mais<\/a>    \n<\/div>\n<div class=\"post-snippet mb64\">\n\n    <a href=\"https:\/\/www.behavior.com.br\/blog\/es\/dia-nacional-da-mulher-multiplas-mulheres\/\">\n    <img loading=\"lazy\" decoding=\"async\" width=\"1024\" height=\"537\" src=\"https:\/\/www.behavior.com.br\/blog\/wp-content\/uploads\/2021\/04\/blog9_capa.png\" class=\"mb24 wp-post-image\" alt=\"\" \/><\/a><div class=\"post-title\">\n    <a href=\"https:\/\/www.behavior.com.br\/blog\/es\/dia-nacional-da-mulher-multiplas-mulheres\/\"><h1 class=\"inline-block\"><span class=\"label\">28 Apr 2021<\/span>O Dia Nacional da Mulher celebra as m\u00faltiplas mulheres<\/h1><\/a><\/div><ul class=\"post-meta\">\n    <li>\n        <i class=\"ti-user\"><\/i>\n        <span>Escrito por <a href=\"https:\/\/www.behavior.com.br\/blog\/es\/author\/nany\/\" title=\"Entradas de Nany Bilate\" rel=\"author\">Nany Bilate<\/a><\/span>\n    <\/li>\n    <li>\n        <i class=\"ti-tag\"><\/i>\n        <span>Categoria <a href=\"https:\/\/www.behavior.com.br\/blog\/es\/category\/a-tal-felicidade\/\" rel=\"category tag\">A Tal Felicidade<\/a><\/span>\n    <\/li>\n<\/ul>    \n    <hr>\n    \n    <p>(Portugu\u00eas) Em mar\u00e7o comemoramos o <a href=\"http:\/\/www.behavior.com.br\/blog\/pt\/dia-da-mulher-decada\/\" target=\"_blank\" rel=\"noopener\"><strong>Dia Internacional da Mulher<\/strong><\/a> e no fim de abril, dia 30, comemoramos o <strong>Dia Nacional da Mulher<\/strong>.<!-- AddThis Advanced Settings generic via filter on get_the_excerpt --><!-- AddThis Share Buttons generic via filter on get_the_excerpt --><\/p>\n<a class=\"btn btn-sm\" href=\"https:\/\/www.behavior.com.br\/blog\/es\/dia-nacional-da-mulher-multiplas-mulheres\/\">Leia mais<\/a>    \n<\/div>\n<div class=\"post-snippet mb64\">\n\n    <a href=\"https:\/\/www.behavior.com.br\/blog\/es\/tempos-de-escolha-valores\/\">\n    <img loading=\"lazy\" decoding=\"async\" width=\"1024\" height=\"537\" src=\"https:\/\/www.behavior.com.br\/blog\/wp-content\/uploads\/2021\/04\/blog8.png\" class=\"mb24 wp-post-image\" alt=\"\" \/><\/a><div class=\"post-title\">\n    <a href=\"https:\/\/www.behavior.com.br\/blog\/es\/tempos-de-escolha-valores\/\"><h1 class=\"inline-block\"><span class=\"label\">14 Apr 2021<\/span>(Portugu\u00eas) Tempos de escolha 2: quais s\u00e3o os nossos valores?<\/h1><\/a><\/div><ul class=\"post-meta\">\n    <li>\n        <i class=\"ti-user\"><\/i>\n        <span>Escrito por <a href=\"https:\/\/www.behavior.com.br\/blog\/es\/author\/nany\/\" title=\"Entradas de Nany Bilate\" rel=\"author\">Nany Bilate<\/a><\/span>\n    <\/li>\n    <li>\n        <i class=\"ti-tag\"><\/i>\n        <span>Categoria <a href=\"https:\/\/www.behavior.com.br\/blog\/es\/category\/poder-isonomico\/\" rel=\"category tag\">Poder Ison\u00f4mico<\/a>, <a href=\"https:\/\/www.behavior.com.br\/blog\/es\/category\/sem-categoria\/\" rel=\"category tag\">Sem categoria<\/a>, <a href=\"https:\/\/www.behavior.com.br\/blog\/es\/category\/solidariedade\/\" rel=\"category tag\">Solidariedade<\/a><\/span>\n    <\/li>\n<\/ul>    \n    <hr>\n    \n    <p>Disculpa, pero esta entrada est\u00e1 disponible s\u00f3lo en Portugu\u00eas.<!-- AddThis Advanced Settings generic via filter on get_the_excerpt --><!-- AddThis Share Buttons generic via filter on get_the_excerpt --><\/p>\n<a class=\"btn btn-sm\" href=\"https:\/\/www.behavior.com.br\/blog\/es\/tempos-de-escolha-valores\/\">Leia mais<\/a>    \n<\/div>\n<div class=\"post-snippet mb64\">\n\n    <a href=\"https:\/\/www.behavior.com.br\/blog\/es\/xuxa-presos-covid-periferias\/\">\n    <img loading=\"lazy\" decoding=\"async\" width=\"1024\" height=\"537\" src=\"https:\/\/www.behavior.com.br\/blog\/wp-content\/uploads\/2021\/04\/blog7_capa.png\" class=\"mb24 wp-post-image\" alt=\"\" \/><\/a><div class=\"post-title\">\n    <a href=\"https:\/\/www.behavior.com.br\/blog\/es\/xuxa-presos-covid-periferias\/\"><h1 class=\"inline-block\"><span class=\"label\">07 Apr 2021<\/span>(Portugu\u00eas) Xuxa, presos, covid nas periferias e todos n\u00f3s<\/h1><\/a><\/div><ul class=\"post-meta\">\n    <li>\n        <i class=\"ti-user\"><\/i>\n        <span>Escrito por <a href=\"https:\/\/www.behavior.com.br\/blog\/es\/author\/nany\/\" title=\"Entradas de Nany Bilate\" rel=\"author\">Nany Bilate<\/a><\/span>\n    <\/li>\n    <li>\n        <i class=\"ti-tag\"><\/i>\n        <span>Categoria <a href=\"https:\/\/www.behavior.com.br\/blog\/es\/category\/sem-categoria\/\" rel=\"category tag\">Sem categoria<\/a>, <a href=\"https:\/\/www.behavior.com.br\/blog\/es\/category\/solidariedade\/\" rel=\"category tag\">Solidariedade<\/a><\/span>\n    <\/li>\n<\/ul>    \n    <hr>\n    \n    <p>Disculpa, pero esta entrada est\u00e1 disponible s\u00f3lo en Portugu\u00eas.<!-- AddThis Advanced Settings generic via filter on get_the_excerpt --><!-- AddThis Share Buttons generic via filter on get_the_excerpt --><\/p>\n<a class=\"btn btn-sm\" href=\"https:\/\/www.behavior.com.br\/blog\/es\/xuxa-presos-covid-periferias\/\">Leia mais<\/a>    \n<\/div>\n<div class=\"post-snippet mb64\">\n\n    <a href=\"https:\/\/www.behavior.com.br\/blog\/es\/mulheres-cansar-seguir-em-frente\/\">\n    <img loading=\"lazy\" decoding=\"async\" width=\"1024\" height=\"537\" src=\"https:\/\/www.behavior.com.br\/blog\/wp-content\/uploads\/2021\/03\/blog6_capa.png\" class=\"mb24 wp-post-image\" alt=\"\" \/><\/a><div class=\"post-title\">\n    <a href=\"https:\/\/www.behavior.com.br\/blog\/es\/mulheres-cansar-seguir-em-frente\/\"><h1 class=\"inline-block\"><span class=\"label\">30 Mar 2021<\/span>(Portugu\u00eas) Mulheres, podemos cansar, parar para um respiro e, mesmo assim seguimos em frente<\/h1><\/a><\/div><ul class=\"post-meta\">\n    <li>\n        <i class=\"ti-user\"><\/i>\n        <span>Escrito por <a href=\"https:\/\/www.behavior.com.br\/blog\/es\/author\/nany\/\" title=\"Entradas de Nany Bilate\" rel=\"author\">Nany Bilate<\/a><\/span>\n    <\/li>\n    <li>\n        <i class=\"ti-tag\"><\/i>\n        <span>Categoria <a href=\"https:\/\/www.behavior.com.br\/blog\/es\/category\/volta-ao-amor\/\" rel=\"category tag\">Volta ao Amor<\/a><\/span>\n    <\/li>\n<\/ul>    \n    <hr>\n    \n    <p>Disculpa, pero esta entrada est\u00e1 disponible s\u00f3lo en Portugu\u00eas.<!-- AddThis Advanced Settings generic via filter on get_the_excerpt --><!-- AddThis Share Buttons generic via filter on get_the_excerpt --><\/p>\n<a class=\"btn btn-sm\" href=\"https:\/\/www.behavior.com.br\/blog\/es\/mulheres-cansar-seguir-em-frente\/\">Leia mais<\/a>    \n<\/div>\n<div class=\"post-snippet mb64\">\n\n    <a href=\"https:\/\/www.behavior.com.br\/blog\/es\/dia-da-mulher-decada\/\">\n    <img loading=\"lazy\" decoding=\"async\" width=\"1024\" height=\"537\" src=\"https:\/\/www.behavior.com.br\/blog\/wp-content\/uploads\/2021\/03\/blog5.png\" class=\"mb24 wp-post-image\" alt=\"\" \/><\/a><div class=\"post-title\">\n    <a href=\"https:\/\/www.behavior.com.br\/blog\/es\/dia-da-mulher-decada\/\"><h1 class=\"inline-block\"><span class=\"label\">08 Mar 2021<\/span>(Portugu\u00eas) Celebremos n\u00e3o s\u00f3 o dia, mas a d\u00e9cada da mulher<\/h1><\/a><\/div><ul class=\"post-meta\">\n    <li>\n        <i class=\"ti-user\"><\/i>\n        <span>Escrito por <a href=\"https:\/\/www.behavior.com.br\/blog\/es\/author\/nany\/\" title=\"Entradas de Nany Bilate\" rel=\"author\">Nany Bilate<\/a><\/span>\n    <\/li>\n    <li>\n        <i class=\"ti-tag\"><\/i>\n        <span>Categoria <a href=\"https:\/\/www.behavior.com.br\/blog\/es\/category\/poder-isonomico\/\" rel=\"category tag\">Poder Ison\u00f4mico<\/a><\/span>\n    <\/li>\n<\/ul>    \n    <hr>\n    \n    <p>Disculpa, pero esta entrada est\u00e1 disponible s\u00f3lo en Portugu\u00eas.<!-- AddThis Advanced Settings generic via filter on get_the_excerpt --><!-- AddThis Share Buttons generic via filter on get_the_excerpt --><\/p>\n<a class=\"btn btn-sm\" href=\"https:\/\/www.behavior.com.br\/blog\/es\/dia-da-mulher-decada\/\">Leia mais<\/a>    \n<\/div>\n<div class=\"post-snippet mb64\">\n\n    <a href=\"https:\/\/www.behavior.com.br\/blog\/es\/mae-solteira-vitoria-derrota\/\">\n    <img loading=\"lazy\" decoding=\"async\" width=\"1024\" height=\"537\" src=\"https:\/\/www.behavior.com.br\/blog\/wp-content\/uploads\/2021\/03\/blog4.png\" class=\"mb24 wp-post-image\" alt=\"\" \/><\/a><div class=\"post-title\">\n    <a href=\"https:\/\/www.behavior.com.br\/blog\/es\/mae-solteira-vitoria-derrota\/\"><h1 class=\"inline-block\"><span class=\"label\">02 Mar 2021<\/span>Rascunho autom\u00e1tico<\/h1><\/a><\/div><ul class=\"post-meta\">\n    <li>\n        <i class=\"ti-user\"><\/i>\n        <span>Escrito por <a href=\"https:\/\/www.behavior.com.br\/blog\/es\/author\/nany\/\" title=\"Entradas de Nany Bilate\" rel=\"author\">Nany Bilate<\/a><\/span>\n    <\/li>\n    <li>\n        <i class=\"ti-tag\"><\/i>\n        <span>Categoria <a href=\"https:\/\/www.behavior.com.br\/blog\/es\/category\/poder-isonomico\/\" rel=\"category tag\">Poder Ison\u00f4mico<\/a><\/span>\n    <\/li>\n<\/ul>    \n    <hr>\n    \n    <p>Disculpa, pero esta entrada est\u00e1 disponible s\u00f3lo en Portugu\u00eas.<!-- AddThis Advanced Settings generic via filter on get_the_excerpt --><!-- AddThis Share Buttons generic via filter on get_the_excerpt --><\/p>\n<a class=\"btn btn-sm\" href=\"https:\/\/www.behavior.com.br\/blog\/es\/mae-solteira-vitoria-derrota\/\">Leia mais<\/a>    \n<\/div>\n<div class=\"post-snippet mb64\">\n\n    <a href=\"https:\/\/www.behavior.com.br\/blog\/es\/sapucai-sem-desfile-dores-carnaval\/\">\n    <img loading=\"lazy\" decoding=\"async\" width=\"1024\" height=\"537\" src=\"https:\/\/www.behavior.com.br\/blog\/wp-content\/uploads\/2021\/02\/blog3_000.png\" class=\"mb24 wp-post-image\" alt=\"\" \/><\/a><div class=\"post-title\">\n    <a href=\"https:\/\/www.behavior.com.br\/blog\/es\/sapucai-sem-desfile-dores-carnaval\/\"><h1 class=\"inline-block\"><span class=\"label\">17 Feb 2021<\/span>(Portugu\u00eas) Sapuca\u00ed sem desfile e outras dores deste Carnaval<\/h1><\/a><\/div><ul class=\"post-meta\">\n    <li>\n        <i class=\"ti-user\"><\/i>\n        <span>Escrito por <a href=\"https:\/\/www.behavior.com.br\/blog\/es\/author\/nany\/\" title=\"Entradas de Nany Bilate\" rel=\"author\">Nany Bilate<\/a><\/span>\n    <\/li>\n    <li>\n        <i class=\"ti-tag\"><\/i>\n        <span>Categoria <a href=\"https:\/\/www.behavior.com.br\/blog\/es\/category\/solidariedade\/\" rel=\"category tag\">Solidariedade<\/a><\/span>\n    <\/li>\n<\/ul>    \n    <hr>\n    \n    <p>Disculpa, pero esta entrada est\u00e1 disponible s\u00f3lo en Portugu\u00eas.<!-- AddThis Advanced Settings generic via filter on get_the_excerpt --><!-- AddThis Share Buttons generic via filter on get_the_excerpt --><\/p>\n<a class=\"btn btn-sm\" href=\"https:\/\/www.behavior.com.br\/blog\/es\/sapucai-sem-desfile-dores-carnaval\/\">Leia mais<\/a>    \n<\/div>\n<div class=\"post-snippet mb64\">\n\n    <a href=\"https:\/\/www.behavior.com.br\/blog\/es\/cancelamento-resolve-problema\/\">\n    <img loading=\"lazy\" decoding=\"async\" width=\"1024\" height=\"537\" src=\"https:\/\/www.behavior.com.br\/blog\/wp-content\/uploads\/2021\/02\/blog2.png\" class=\"mb24 wp-post-image\" alt=\"\" \/><\/a><div class=\"post-title\">\n    <a href=\"https:\/\/www.behavior.com.br\/blog\/es\/cancelamento-resolve-problema\/\"><h1 class=\"inline-block\"><span class=\"label\">10 Feb 2021<\/span>(Portugu\u00eas) O cancelamento resolve o problema?<\/h1><\/a><\/div><ul class=\"post-meta\">\n    <li>\n        <i class=\"ti-user\"><\/i>\n        <span>Escrito por <a href=\"https:\/\/www.behavior.com.br\/blog\/es\/author\/nany\/\" title=\"Entradas de Nany Bilate\" rel=\"author\">Nany Bilate<\/a><\/span>\n    <\/li>\n    <li>\n        <i class=\"ti-tag\"><\/i>\n        <span>Categoria <a href=\"https:\/\/www.behavior.com.br\/blog\/es\/category\/solidariedade\/\" rel=\"category tag\">Solidariedade<\/a><\/span>\n    <\/li>\n<\/ul>    \n    <hr>\n    \n    <p>Disculpa, pero esta entrada est\u00e1 disponible s\u00f3lo en Portugu\u00eas.<!-- AddThis Advanced Settings generic via filter on get_the_excerpt --><!-- AddThis Share Buttons generic via filter on get_the_excerpt --><\/p>\n<a class=\"btn btn-sm\" href=\"https:\/\/www.behavior.com.br\/blog\/es\/cancelamento-resolve-problema\/\">Leia mais<\/a>    \n<\/div><div class='text-center'><ul class='pagination'><li class='active'><a href='https:\/\/www.behavior.com.br\/blog\/es\/wp-json\/wp\/v2\/pages\/2100\/'>1<\/a><\/li> <li><a href='https:\/\/www.behavior.com.br\/blog\/es\/wp-json\/wp\/v2\/pages\/2100\/page\/2\/'>2<\/a><\/li> <li><a href='https:\/\/www.behavior.com.br\/blog\/es\/wp-json\/wp\/v2\/pages\/2100\/page\/3\/'>3<\/a><\/li> <li><a href='https:\/\/www.behavior.com.br\/blog\/es\/wp-json\/wp\/v2\/pages\/2100\/page\/55\/' aria-label='Next'><span aria-hidden='true'>&raquo;<\/span><\/a><\/li> <\/ul><\/div>\t\t    <\/div> \n\t\t    \t\t<\/div>\n\t\t\n\t\t\t\t\n[\/vc_column][\/vc_row]<\/p>\n<\/div>","protected":false},"excerpt":{"rendered":"<p>[vc_row][vc_column][\/vc_column][\/vc_row]<!-- AddThis Advanced Settings generic via filter on get_the_excerpt --><!-- AddThis Share Buttons generic via filter on get_the_excerpt --><\/p>\n","protected":false},"author":3,"featured_media":3038,"parent":0,"menu_order":0,"comment_status":"closed","ping_status":"closed","template":"","meta":{"footnotes":""},"class_list":["post-2100","page","type-page","status-publish","has-post-thumbnail","hentry"],"yoast_head":"<!-- This site is optimized with the Yoast SEO plugin v27.2 - https:\/\/yoast.com\/product\/yoast-seo-wordpress\/ -->\n<title>Home - Behavior Blog<\/title>\n<meta name=\"description\" content=\"Movimentos Humanos s\u00e3o textos da pesquisadora e pensadora Nany Bilate. Abordam a transi\u00e7\u00e3o de valores e cren\u00e7as que estamos vivendo como sociedade. Apontam os caminhos que estamos escolhendo para criar uma nova realidade.\" \/>\n<meta name=\"robots\" content=\"index, follow, max-snippet:-1, max-image-preview:large, max-video-preview:-1\" \/>\n<link rel=\"canonical\" href=\"https:\/\/www.behavior.com.br\/blog\/pt\/\" \/>\n<meta property=\"og:locale\" content=\"es_ES\" \/>\n<meta property=\"og:type\" content=\"article\" \/>\n<meta property=\"og:title\" content=\"Home - Behavior Blog\" \/>\n<meta property=\"og:description\" content=\"Movimentos Humanos s\u00e3o textos da pesquisadora e pensadora Nany Bilate. Abordam a transi\u00e7\u00e3o de valores e cren\u00e7as que estamos vivendo como sociedade. Apontam os caminhos que estamos escolhendo para criar uma nova realidade.\" \/>\n<meta property=\"og:url\" content=\"https:\/\/www.behavior.com.br\/blog\/pt\/\" \/>\n<meta property=\"og:site_name\" content=\"Behavior Blog\" \/>\n<meta property=\"article:modified_time\" content=\"2021-08-16T19:36:00+00:00\" \/>\n<meta property=\"og:image\" content=\"https:\/\/www.behavior.com.br\/blog\/wp-content\/uploads\/2019\/12\/Behavior-DICIEMBRE-09-2019_2.jpg\" \/>\n\t<meta property=\"og:image:width\" content=\"1787\" \/>\n\t<meta property=\"og:image:height\" content=\"937\" \/>\n\t<meta property=\"og:image:type\" content=\"image\/jpeg\" \/>\n<meta name=\"twitter:card\" content=\"summary_large_image\" \/>\n<meta name=\"twitter:label1\" content=\"Tiempo de lectura\" \/>\n\t<meta name=\"twitter:data1\" content=\"1 minuto\" \/>\n<script type=\"application\/ld+json\" class=\"yoast-schema-graph\">{\"@context\":\"https:\/\/schema.org\",\"@graph\":[{\"@type\":\"WebPage\",\"@id\":\"https:\/\/www.behavior.com.br\/blog\/pt\/\",\"url\":\"https:\/\/www.behavior.com.br\/blog\/pt\/\",\"name\":\"Home - Behavior Blog\",\"isPartOf\":{\"@id\":\"https:\/\/www.behavior.com.br\/blog\/pt\/#website\"},\"primaryImageOfPage\":{\"@id\":\"https:\/\/www.behavior.com.br\/blog\/pt\/#primaryimage\"},\"image\":{\"@id\":\"https:\/\/www.behavior.com.br\/blog\/pt\/#primaryimage\"},\"thumbnailUrl\":\"https:\/\/www.behavior.com.br\/blog\/wp-content\/uploads\/2019\/12\/Behavior-DICIEMBRE-09-2019_2.jpg\",\"datePublished\":\"2017-10-16T03:43:22+00:00\",\"dateModified\":\"2021-08-16T19:36:00+00:00\",\"description\":\"Movimentos Humanos s\u00e3o textos da pesquisadora e pensadora Nany Bilate. Abordam a transi\u00e7\u00e3o de valores e cren\u00e7as que estamos vivendo como sociedade. Apontam os caminhos que estamos escolhendo para criar uma nova realidade.\",\"breadcrumb\":{\"@id\":\"https:\/\/www.behavior.com.br\/blog\/pt\/#breadcrumb\"},\"inLanguage\":\"es\",\"potentialAction\":[{\"@type\":\"ReadAction\",\"target\":[\"https:\/\/www.behavior.com.br\/blog\/pt\/\"]}]},{\"@type\":\"ImageObject\",\"inLanguage\":\"es\",\"@id\":\"https:\/\/www.behavior.com.br\/blog\/pt\/#primaryimage\",\"url\":\"https:\/\/www.behavior.com.br\/blog\/wp-content\/uploads\/2019\/12\/Behavior-DICIEMBRE-09-2019_2.jpg\",\"contentUrl\":\"https:\/\/www.behavior.com.br\/blog\/wp-content\/uploads\/2019\/12\/Behavior-DICIEMBRE-09-2019_2.jpg\",\"width\":1787,\"height\":937},{\"@type\":\"BreadcrumbList\",\"@id\":\"https:\/\/www.behavior.com.br\/blog\/pt\/#breadcrumb\",\"itemListElement\":[{\"@type\":\"ListItem\",\"position\":1,\"name\":\"Home\",\"item\":\"https:\/\/www.behavior.com.br\/blog\/pt\/\"},{\"@type\":\"ListItem\",\"position\":2,\"name\":\"Home\"}]},{\"@type\":\"WebSite\",\"@id\":\"https:\/\/www.behavior.com.br\/blog\/pt\/#website\",\"url\":\"https:\/\/www.behavior.com.br\/blog\/pt\/\",\"name\":\"Behavior Blog\",\"description\":\"Aborda os Movimentos Humanos detectados pela behavior nos seus estudos\",\"potentialAction\":[{\"@type\":\"SearchAction\",\"target\":{\"@type\":\"EntryPoint\",\"urlTemplate\":\"https:\/\/www.behavior.com.br\/blog\/pt\/?s={search_term_string}\"},\"query-input\":{\"@type\":\"PropertyValueSpecification\",\"valueRequired\":true,\"valueName\":\"search_term_string\"}}],\"inLanguage\":\"es\"}]}<\/script>\n<!-- \/ Yoast SEO plugin. -->","yoast_head_json":{"title":"Home - Behavior Blog","description":"Movimentos Humanos s\u00e3o textos da pesquisadora e pensadora Nany Bilate. Abordam a transi\u00e7\u00e3o de valores e cren\u00e7as que estamos vivendo como sociedade. Apontam os caminhos que estamos escolhendo para criar uma nova realidade.","robots":{"index":"index","follow":"follow","max-snippet":"max-snippet:-1","max-image-preview":"max-image-preview:large","max-video-preview":"max-video-preview:-1"},"canonical":"https:\/\/www.behavior.com.br\/blog\/pt\/","og_locale":"es_ES","og_type":"article","og_title":"Home - Behavior Blog","og_description":"Movimentos Humanos s\u00e3o textos da pesquisadora e pensadora Nany Bilate. Abordam a transi\u00e7\u00e3o de valores e cren\u00e7as que estamos vivendo como sociedade. Apontam os caminhos que estamos escolhendo para criar uma nova realidade.","og_url":"https:\/\/www.behavior.com.br\/blog\/pt\/","og_site_name":"Behavior Blog","article_modified_time":"2021-08-16T19:36:00+00:00","og_image":[{"width":1787,"height":937,"url":"https:\/\/www.behavior.com.br\/blog\/wp-content\/uploads\/2019\/12\/Behavior-DICIEMBRE-09-2019_2.jpg","type":"image\/jpeg"}],"twitter_card":"summary_large_image","twitter_misc":{"Tiempo de lectura":"1 minuto"},"schema":{"@context":"https:\/\/schema.org","@graph":[{"@type":"WebPage","@id":"https:\/\/www.behavior.com.br\/blog\/pt\/","url":"https:\/\/www.behavior.com.br\/blog\/pt\/","name":"Home - Behavior Blog","isPartOf":{"@id":"https:\/\/www.behavior.com.br\/blog\/pt\/#website"},"primaryImageOfPage":{"@id":"https:\/\/www.behavior.com.br\/blog\/pt\/#primaryimage"},"image":{"@id":"https:\/\/www.behavior.com.br\/blog\/pt\/#primaryimage"},"thumbnailUrl":"https:\/\/www.behavior.com.br\/blog\/wp-content\/uploads\/2019\/12\/Behavior-DICIEMBRE-09-2019_2.jpg","datePublished":"2017-10-16T03:43:22+00:00","dateModified":"2021-08-16T19:36:00+00:00","description":"Movimentos Humanos s\u00e3o textos da pesquisadora e pensadora Nany Bilate. Abordam a transi\u00e7\u00e3o de valores e cren\u00e7as que estamos vivendo como sociedade. Apontam os caminhos que estamos escolhendo para criar uma nova realidade.","breadcrumb":{"@id":"https:\/\/www.behavior.com.br\/blog\/pt\/#breadcrumb"},"inLanguage":"es","potentialAction":[{"@type":"ReadAction","target":["https:\/\/www.behavior.com.br\/blog\/pt\/"]}]},{"@type":"ImageObject","inLanguage":"es","@id":"https:\/\/www.behavior.com.br\/blog\/pt\/#primaryimage","url":"https:\/\/www.behavior.com.br\/blog\/wp-content\/uploads\/2019\/12\/Behavior-DICIEMBRE-09-2019_2.jpg","contentUrl":"https:\/\/www.behavior.com.br\/blog\/wp-content\/uploads\/2019\/12\/Behavior-DICIEMBRE-09-2019_2.jpg","width":1787,"height":937},{"@type":"BreadcrumbList","@id":"https:\/\/www.behavior.com.br\/blog\/pt\/#breadcrumb","itemListElement":[{"@type":"ListItem","position":1,"name":"Home","item":"https:\/\/www.behavior.com.br\/blog\/pt\/"},{"@type":"ListItem","position":2,"name":"Home"}]},{"@type":"WebSite","@id":"https:\/\/www.behavior.com.br\/blog\/pt\/#website","url":"https:\/\/www.behavior.com.br\/blog\/pt\/","name":"Behavior Blog","description":"Aborda os Movimentos Humanos detectados pela behavior nos seus estudos","potentialAction":[{"@type":"SearchAction","target":{"@type":"EntryPoint","urlTemplate":"https:\/\/www.behavior.com.br\/blog\/pt\/?s={search_term_string}"},"query-input":{"@type":"PropertyValueSpecification","valueRequired":true,"valueName":"search_term_string"}}],"inLanguage":"es"}]}},"_links":{"self":[{"href":"https:\/\/www.behavior.com.br\/blog\/es\/wp-json\/wp\/v2\/pages\/2100","targetHints":{"allow":["GET"]}}],"collection":[{"href":"https:\/\/www.behavior.com.br\/blog\/es\/wp-json\/wp\/v2\/pages"}],"about":[{"href":"https:\/\/www.behavior.com.br\/blog\/es\/wp-json\/wp\/v2\/types\/page"}],"author":[{"embeddable":true,"href":"https:\/\/www.behavior.com.br\/blog\/es\/wp-json\/wp\/v2\/users\/3"}],"replies":[{"embeddable":true,"href":"https:\/\/www.behavior.com.br\/blog\/es\/wp-json\/wp\/v2\/comments?post=2100"}],"version-history":[{"count":194,"href":"https:\/\/www.behavior.com.br\/blog\/es\/wp-json\/wp\/v2\/pages\/2100\/revisions"}],"predecessor-version":[{"id":4405,"href":"https:\/\/www.behavior.com.br\/blog\/es\/wp-json\/wp\/v2\/pages\/2100\/revisions\/4405"}],"wp:featuredmedia":[{"embeddable":true,"href":"https:\/\/www.behavior.com.br\/blog\/es\/wp-json\/wp\/v2\/media\/3038"}],"wp:attachment":[{"href":"https:\/\/www.behavior.com.br\/blog\/es\/wp-json\/wp\/v2\/media?parent=2100"}],"curies":[{"name":"wp","href":"https:\/\/api.w.org\/{rel}","templated":true}]}}