{"id":985,"date":"2016-05-10T15:08:36","date_gmt":"2016-05-10T18:08:36","guid":{"rendered":"http:\/\/www.behavior.com.br\/blog\/?page_id=985"},"modified":"2016-05-10T21:22:28","modified_gmt":"2016-05-11T00:22:28","slug":"os-homens-nao-querem-a-independencia-mas-a-liberdade","status":"publish","type":"page","link":"https:\/\/www.behavior.com.br\/blog\/es\/os-homens-nao-querem-a-independencia-mas-a-liberdade\/","title":{"rendered":"Os homens n\u00e3o querem a indep\u00eand\u00eancia mas a liberdade"},"content":{"rendered":"<p class=\"qtranxs-available-languages-message qtranxs-available-languages-message-es\">Disculpa, pero esta entrada est\u00e1 disponible s\u00f3lo en <a href=\"https:\/\/www.behavior.com.br\/blog\/pt\/wp-json\/wp\/v2\/pages\/985\" class=\"qtranxs-available-language-link qtranxs-available-language-link-pt\" title=\"Portugu\u00eas\">Portugu\u00eas<\/a>.<\/p>","protected":false},"excerpt":{"rendered":"<p>Disculpa, pero esta entrada est\u00e1 disponible s\u00f3lo en Portugu\u00eas.<!-- AddThis Advanced Settings generic via filter on get_the_excerpt --><!-- AddThis Share Buttons generic via filter on get_the_excerpt --><\/p>\n","protected":false},"author":3,"featured_media":0,"parent":0,"menu_order":0,"comment_status":"open","ping_status":"open","template":"","meta":{"footnotes":""},"class_list":["post-985","page","type-page","status-publish","hentry"],"yoast_head":"<!-- This site is optimized with the Yoast SEO plugin v27.2 - https:\/\/yoast.com\/product\/yoast-seo-wordpress\/ -->\n<title>Os homens n\u00e3o querem a indep\u00eand\u00eancia mas a liberdadeOs homens n\u00e3o querem a indep\u00eand\u00eancia mas a liberdadeOs homens n\u00e3o querem a indep\u00eand\u00eancia mas a liberdade - Behavior Blog<\/title>\n<meta name=\"robots\" content=\"index, follow, max-snippet:-1, max-image-preview:large, max-video-preview:-1\" \/>\n<link rel=\"canonical\" href=\"https:\/\/www.behavior.com.br\/blog\/pt\/os-homens-nao-querem-a-independencia-mas-a-liberdade\/\" \/>\n<meta property=\"og:locale\" content=\"es_ES\" \/>\n<meta property=\"og:type\" content=\"article\" \/>\n<meta property=\"og:title\" content=\"Os homens n\u00e3o querem a indep\u00eand\u00eancia mas a liberdadeOs homens n\u00e3o querem a indep\u00eand\u00eancia mas a liberdadeOs homens n\u00e3o querem a indep\u00eand\u00eancia mas a liberdade - Behavior Blog\" \/>\n<meta property=\"og:description\" content=\"Disculpa, pero esta entrada est\u00e1 disponible s\u00f3lo en Portugu\u00eas.\" \/>\n<meta property=\"og:url\" content=\"https:\/\/www.behavior.com.br\/blog\/pt\/os-homens-nao-querem-a-independencia-mas-a-liberdade\/\" \/>\n<meta property=\"og:site_name\" content=\"Behavior Blog\" \/>\n<meta property=\"article:modified_time\" content=\"2016-05-11T00:22:28+00:00\" \/>\n<meta name=\"twitter:card\" content=\"summary_large_image\" \/>\n<meta name=\"twitter:label1\" content=\"Tiempo de lectura\" \/>\n\t<meta name=\"twitter:data1\" content=\"2 minutos\" \/>\n<script type=\"application\/ld+json\" class=\"yoast-schema-graph\">{\"@context\":\"https:\/\/schema.org\",\"@graph\":[{\"@type\":\"WebPage\",\"@id\":\"https:\/\/www.behavior.com.br\/blog\/pt\/os-homens-nao-querem-a-independencia-mas-a-liberdade\/\",\"url\":\"https:\/\/www.behavior.com.br\/blog\/pt\/os-homens-nao-querem-a-independencia-mas-a-liberdade\/\",\"name\":\"Os homens n\u00e3o querem a indep\u00eand\u00eancia mas a liberdadeOs homens n\u00e3o querem a indep\u00eand\u00eancia mas a liberdadeOs homens n\u00e3o querem a indep\u00eand\u00eancia mas a liberdade - Behavior Blog\",\"isPartOf\":{\"@id\":\"https:\/\/www.behavior.com.br\/blog\/pt\/#website\"},\"datePublished\":\"2016-05-10T18:08:36+00:00\",\"dateModified\":\"2016-05-11T00:22:28+00:00\",\"breadcrumb\":{\"@id\":\"https:\/\/www.behavior.com.br\/blog\/pt\/os-homens-nao-querem-a-independencia-mas-a-liberdade\/#breadcrumb\"},\"inLanguage\":\"es\",\"potentialAction\":[{\"@type\":\"ReadAction\",\"target\":[\"https:\/\/www.behavior.com.br\/blog\/pt\/os-homens-nao-querem-a-independencia-mas-a-liberdade\/\"]}]},{\"@type\":\"BreadcrumbList\",\"@id\":\"https:\/\/www.behavior.com.br\/blog\/pt\/os-homens-nao-querem-a-independencia-mas-a-liberdade\/#breadcrumb\",\"itemListElement\":[{\"@type\":\"ListItem\",\"position\":1,\"name\":\"Home\",\"item\":\"https:\/\/www.behavior.com.br\/blog\/pt\/\"},{\"@type\":\"ListItem\",\"position\":2,\"name\":\"Os homens n\u00e3o querem a indep\u00eand\u00eancia mas a liberdade\"}]},{\"@type\":\"WebSite\",\"@id\":\"https:\/\/www.behavior.com.br\/blog\/pt\/#website\",\"url\":\"https:\/\/www.behavior.com.br\/blog\/pt\/\",\"name\":\"Behavior Blog\",\"description\":\"Aborda os Movimentos Humanos detectados pela behavior nos seus estudos\",\"potentialAction\":[{\"@type\":\"SearchAction\",\"target\":{\"@type\":\"EntryPoint\",\"urlTemplate\":\"https:\/\/www.behavior.com.br\/blog\/pt\/?s={search_term_string}\"},\"query-input\":{\"@type\":\"PropertyValueSpecification\",\"valueRequired\":true,\"valueName\":\"search_term_string\"}}],\"inLanguage\":\"es\"}]}<\/script>\n<!-- \/ Yoast SEO plugin. -->","yoast_head_json":{"title":"Os homens n\u00e3o querem a indep\u00eand\u00eancia mas a liberdadeOs homens n\u00e3o querem a indep\u00eand\u00eancia mas a liberdadeOs homens n\u00e3o querem a indep\u00eand\u00eancia mas a liberdade - Behavior Blog","robots":{"index":"index","follow":"follow","max-snippet":"max-snippet:-1","max-image-preview":"max-image-preview:large","max-video-preview":"max-video-preview:-1"},"canonical":"https:\/\/www.behavior.com.br\/blog\/pt\/os-homens-nao-querem-a-independencia-mas-a-liberdade\/","og_locale":"es_ES","og_type":"article","og_title":"Os homens n\u00e3o querem a indep\u00eand\u00eancia mas a liberdadeOs homens n\u00e3o querem a indep\u00eand\u00eancia mas a liberdadeOs homens n\u00e3o querem a indep\u00eand\u00eancia mas a liberdade - Behavior Blog","og_description":"Disculpa, pero esta entrada est\u00e1 disponible s\u00f3lo en Portugu\u00eas.","og_url":"https:\/\/www.behavior.com.br\/blog\/pt\/os-homens-nao-querem-a-independencia-mas-a-liberdade\/","og_site_name":"Behavior Blog","article_modified_time":"2016-05-11T00:22:28+00:00","twitter_card":"summary_large_image","twitter_misc":{"Tiempo de lectura":"2 minutos"},"schema":{"@context":"https:\/\/schema.org","@graph":[{"@type":"WebPage","@id":"https:\/\/www.behavior.com.br\/blog\/pt\/os-homens-nao-querem-a-independencia-mas-a-liberdade\/","url":"https:\/\/www.behavior.com.br\/blog\/pt\/os-homens-nao-querem-a-independencia-mas-a-liberdade\/","name":"Os homens n\u00e3o querem a indep\u00eand\u00eancia mas a liberdadeOs homens n\u00e3o querem a indep\u00eand\u00eancia mas a liberdadeOs homens n\u00e3o querem a indep\u00eand\u00eancia mas a liberdade - Behavior Blog","isPartOf":{"@id":"https:\/\/www.behavior.com.br\/blog\/pt\/#website"},"datePublished":"2016-05-10T18:08:36+00:00","dateModified":"2016-05-11T00:22:28+00:00","breadcrumb":{"@id":"https:\/\/www.behavior.com.br\/blog\/pt\/os-homens-nao-querem-a-independencia-mas-a-liberdade\/#breadcrumb"},"inLanguage":"es","potentialAction":[{"@type":"ReadAction","target":["https:\/\/www.behavior.com.br\/blog\/pt\/os-homens-nao-querem-a-independencia-mas-a-liberdade\/"]}]},{"@type":"BreadcrumbList","@id":"https:\/\/www.behavior.com.br\/blog\/pt\/os-homens-nao-querem-a-independencia-mas-a-liberdade\/#breadcrumb","itemListElement":[{"@type":"ListItem","position":1,"name":"Home","item":"https:\/\/www.behavior.com.br\/blog\/pt\/"},{"@type":"ListItem","position":2,"name":"Os homens n\u00e3o querem a indep\u00eand\u00eancia mas a liberdade"}]},{"@type":"WebSite","@id":"https:\/\/www.behavior.com.br\/blog\/pt\/#website","url":"https:\/\/www.behavior.com.br\/blog\/pt\/","name":"Behavior Blog","description":"Aborda os Movimentos Humanos detectados pela behavior nos seus estudos","potentialAction":[{"@type":"SearchAction","target":{"@type":"EntryPoint","urlTemplate":"https:\/\/www.behavior.com.br\/blog\/pt\/?s={search_term_string}"},"query-input":{"@type":"PropertyValueSpecification","valueRequired":true,"valueName":"search_term_string"}}],"inLanguage":"es"}]}},"_links":{"self":[{"href":"https:\/\/www.behavior.com.br\/blog\/es\/wp-json\/wp\/v2\/pages\/985","targetHints":{"allow":["GET"]}}],"collection":[{"href":"https:\/\/www.behavior.com.br\/blog\/es\/wp-json\/wp\/v2\/pages"}],"about":[{"href":"https:\/\/www.behavior.com.br\/blog\/es\/wp-json\/wp\/v2\/types\/page"}],"author":[{"embeddable":true,"href":"https:\/\/www.behavior.com.br\/blog\/es\/wp-json\/wp\/v2\/users\/3"}],"replies":[{"embeddable":true,"href":"https:\/\/www.behavior.com.br\/blog\/es\/wp-json\/wp\/v2\/comments?post=985"}],"version-history":[{"count":3,"href":"https:\/\/www.behavior.com.br\/blog\/es\/wp-json\/wp\/v2\/pages\/985\/revisions"}],"predecessor-version":[{"id":1076,"href":"https:\/\/www.behavior.com.br\/blog\/es\/wp-json\/wp\/v2\/pages\/985\/revisions\/1076"}],"wp:attachment":[{"href":"https:\/\/www.behavior.com.br\/blog\/es\/wp-json\/wp\/v2\/media?parent=985"}],"curies":[{"name":"wp","href":"https:\/\/api.w.org\/{rel}","templated":true}]}}