{"id":985,"date":"2016-05-10T15:08:36","date_gmt":"2016-05-10T18:08:36","guid":{"rendered":"http:\/\/www.behavior.com.br\/blog\/?page_id=985"},"modified":"2016-05-10T21:22:28","modified_gmt":"2016-05-11T00:22:28","slug":"os-homens-nao-querem-a-independencia-mas-a-liberdade","status":"publish","type":"page","link":"https:\/\/www.behavior.com.br\/blog\/pt\/os-homens-nao-querem-a-independencia-mas-a-liberdade\/","title":{"rendered":"Os homens n\u00e3o querem a indep\u00eand\u00eancia mas a liberdade"},"content":{"rendered":"<p>Por: Nany Bilate<\/p>\n<p>&nbsp;<\/p>\n<p>Existem algumas cren\u00e7as em rela\u00e7\u00e3o ao universo masculino que por estarem t\u00e3o cristalizadas, geram ru\u00eddos nos relacionamentos, s\u00f3 por existirem. Ap\u00f3s o Projeto Homens,\u00a0compreendemos\u00a0que algumas delas s\u00e3o mais simples de compreender e\u00a0administrar do que nossa mente quer nos fazer crer.<\/p>\n<p>&nbsp;<\/p>\n<p>Esta semana iremos falar sobre uma delas: a liberdade que o homem disse tanto querer (e ter direito).\u00a0A\u00a0reivindica\u00e7\u00e3o\u00a0da liberdade masculina j\u00e1 deve ter gerado alguns bons estresses e at\u00e9 rompimentos. Cada um com sua raz\u00e3o: o homem considerando que tem todo o direito de ser um ser livre, e isso lhe permite a irresponsabilidade; e a mulher que traz consigo a cren\u00e7a que ela sempre ser\u00e1 presa &#8211; sim, exatamente o oposto &#8211; \u00e0s responsabilidades que deveriam ser compartilhadas. Esta montado o cen\u00e1rio para brigas e ressentimentos.<\/p>\n<p>&nbsp;<\/p>\n<p>O que descobrimos no Projeto Homens \u00e9 que o sentido de liberdade do homem n\u00e3o \u00e9 o mesmo do sentido de liberdade da mulher. Para a mulher, a liberdade est\u00e1 intrinsecamente associada \u00e0\u00a0independ\u00eancia. Isto se deve a outra cren\u00e7a, a mulher pode n\u00e3o querer nem um pouco, mas ela sabe que sobrevive sozinha. O homem, n\u00e3o.<\/p>\n<p>&nbsp;<\/p>\n<p>Portanto, o que vimos no Projeto Homem que a liberdade que o homem tanto busca, \u00e9 o tempo para si. Um tempo para ele viver suas fantasias, se distrair, sossegar, relaxar, ou simplesmente ficar quieto. Sem falar, nem ter que ouvir ou fingir que ouve para evitar brigas.<\/p>\n<p>&nbsp;<\/p>\n<p>S\u00f3 que \u00e9 s\u00f3 um tempo porque no pr\u00f3ximo ele quer continuar dependente &#8211; sim, no sentido emocional do conceito &#8211; da mulher e da fam\u00edlia que ele escolheu.<\/p>\n<p>&nbsp;<\/p>\n<p>Eu sei que este tema d\u00e1 v\u00e1rios assuntos e discuss\u00f5es, por isso aguardem os desdobramentos.<\/p>\n<p>&nbsp;<\/p>\n<p>Boa semana para todos.<\/p>\n<p>Ps.: Ando meio indisciplinada nas \u00faltimas semanas.<\/p>\n<p><strong>\u00a0<\/strong><\/p>\n<!-- AddThis Advanced Settings generic via filter on the_content --><!-- AddThis Share Buttons generic via filter on the_content -->","protected":false},"excerpt":{"rendered":"<p>Por: Nany Bilate &nbsp; Existem algumas cren\u00e7as em rela\u00e7\u00e3o ao universo masculino que por estarem t\u00e3o cristalizadas, geram ru\u00eddos nos relacionamentos,&#8230;<!-- AddThis Advanced Settings generic via filter on get_the_excerpt --><!-- AddThis Share Buttons generic via filter on get_the_excerpt --><\/p>\n","protected":false},"author":3,"featured_media":0,"parent":0,"menu_order":0,"comment_status":"open","ping_status":"open","template":"","meta":{"footnotes":""},"class_list":["post-985","page","type-page","status-publish","hentry"],"yoast_head":"<!-- This site is optimized with the Yoast SEO plugin v27.2 - https:\/\/yoast.com\/product\/yoast-seo-wordpress\/ -->\n<title>Os homens n\u00e3o querem a indep\u00eand\u00eancia mas a liberdadeOs homens n\u00e3o querem a indep\u00eand\u00eancia mas a liberdadeOs homens n\u00e3o querem a indep\u00eand\u00eancia mas a liberdade - Behavior Blog<\/title>\n<meta name=\"robots\" content=\"index, follow, max-snippet:-1, max-image-preview:large, max-video-preview:-1\" \/>\n<link rel=\"canonical\" href=\"https:\/\/www.behavior.com.br\/blog\/pt\/os-homens-nao-querem-a-independencia-mas-a-liberdade\/\" \/>\n<meta property=\"og:locale\" content=\"pt_BR\" \/>\n<meta property=\"og:type\" content=\"article\" \/>\n<meta property=\"og:title\" content=\"Os homens n\u00e3o querem a indep\u00eand\u00eancia mas a liberdadeOs homens n\u00e3o querem a indep\u00eand\u00eancia mas a liberdadeOs homens n\u00e3o querem a indep\u00eand\u00eancia mas a liberdade - Behavior Blog\" \/>\n<meta property=\"og:description\" content=\"Por: Nany Bilate &nbsp; Existem algumas cren\u00e7as em rela\u00e7\u00e3o ao universo masculino que por estarem t\u00e3o cristalizadas, geram ru\u00eddos nos relacionamentos,...\" \/>\n<meta property=\"og:url\" content=\"https:\/\/www.behavior.com.br\/blog\/pt\/os-homens-nao-querem-a-independencia-mas-a-liberdade\/\" \/>\n<meta property=\"og:site_name\" content=\"Behavior Blog\" \/>\n<meta property=\"article:modified_time\" content=\"2016-05-11T00:22:28+00:00\" \/>\n<meta name=\"twitter:card\" content=\"summary_large_image\" \/>\n<meta name=\"twitter:label1\" content=\"Est. tempo de leitura\" \/>\n\t<meta name=\"twitter:data1\" content=\"2 minutos\" \/>\n<script type=\"application\/ld+json\" class=\"yoast-schema-graph\">{\"@context\":\"https:\/\/schema.org\",\"@graph\":[{\"@type\":\"WebPage\",\"@id\":\"https:\/\/www.behavior.com.br\/blog\/pt\/os-homens-nao-querem-a-independencia-mas-a-liberdade\/\",\"url\":\"https:\/\/www.behavior.com.br\/blog\/pt\/os-homens-nao-querem-a-independencia-mas-a-liberdade\/\",\"name\":\"Os homens n\u00e3o querem a indep\u00eand\u00eancia mas a liberdadeOs homens n\u00e3o querem a indep\u00eand\u00eancia mas a liberdadeOs homens n\u00e3o querem a indep\u00eand\u00eancia mas a liberdade - Behavior Blog\",\"isPartOf\":{\"@id\":\"https:\/\/www.behavior.com.br\/blog\/pt\/#website\"},\"datePublished\":\"2016-05-10T18:08:36+00:00\",\"dateModified\":\"2016-05-11T00:22:28+00:00\",\"breadcrumb\":{\"@id\":\"https:\/\/www.behavior.com.br\/blog\/pt\/os-homens-nao-querem-a-independencia-mas-a-liberdade\/#breadcrumb\"},\"inLanguage\":\"pt-BR\",\"potentialAction\":[{\"@type\":\"ReadAction\",\"target\":[\"https:\/\/www.behavior.com.br\/blog\/pt\/os-homens-nao-querem-a-independencia-mas-a-liberdade\/\"]}]},{\"@type\":\"BreadcrumbList\",\"@id\":\"https:\/\/www.behavior.com.br\/blog\/pt\/os-homens-nao-querem-a-independencia-mas-a-liberdade\/#breadcrumb\",\"itemListElement\":[{\"@type\":\"ListItem\",\"position\":1,\"name\":\"Home\",\"item\":\"https:\/\/www.behavior.com.br\/blog\/pt\/\"},{\"@type\":\"ListItem\",\"position\":2,\"name\":\"Os homens n\u00e3o querem a indep\u00eand\u00eancia mas a liberdade\"}]},{\"@type\":\"WebSite\",\"@id\":\"https:\/\/www.behavior.com.br\/blog\/pt\/#website\",\"url\":\"https:\/\/www.behavior.com.br\/blog\/pt\/\",\"name\":\"Behavior Blog\",\"description\":\"Aborda os Movimentos Humanos detectados pela behavior nos seus estudos\",\"potentialAction\":[{\"@type\":\"SearchAction\",\"target\":{\"@type\":\"EntryPoint\",\"urlTemplate\":\"https:\/\/www.behavior.com.br\/blog\/pt\/?s={search_term_string}\"},\"query-input\":{\"@type\":\"PropertyValueSpecification\",\"valueRequired\":true,\"valueName\":\"search_term_string\"}}],\"inLanguage\":\"pt-BR\"}]}<\/script>\n<!-- \/ Yoast SEO plugin. -->","yoast_head_json":{"title":"Os homens n\u00e3o querem a indep\u00eand\u00eancia mas a liberdadeOs homens n\u00e3o querem a indep\u00eand\u00eancia mas a liberdadeOs homens n\u00e3o querem a indep\u00eand\u00eancia mas a liberdade - Behavior Blog","robots":{"index":"index","follow":"follow","max-snippet":"max-snippet:-1","max-image-preview":"max-image-preview:large","max-video-preview":"max-video-preview:-1"},"canonical":"https:\/\/www.behavior.com.br\/blog\/pt\/os-homens-nao-querem-a-independencia-mas-a-liberdade\/","og_locale":"pt_BR","og_type":"article","og_title":"Os homens n\u00e3o querem a indep\u00eand\u00eancia mas a liberdadeOs homens n\u00e3o querem a indep\u00eand\u00eancia mas a liberdadeOs homens n\u00e3o querem a indep\u00eand\u00eancia mas a liberdade - Behavior Blog","og_description":"Por: Nany Bilate &nbsp; Existem algumas cren\u00e7as em rela\u00e7\u00e3o ao universo masculino que por estarem t\u00e3o cristalizadas, geram ru\u00eddos nos relacionamentos,...","og_url":"https:\/\/www.behavior.com.br\/blog\/pt\/os-homens-nao-querem-a-independencia-mas-a-liberdade\/","og_site_name":"Behavior Blog","article_modified_time":"2016-05-11T00:22:28+00:00","twitter_card":"summary_large_image","twitter_misc":{"Est. tempo de leitura":"2 minutos"},"schema":{"@context":"https:\/\/schema.org","@graph":[{"@type":"WebPage","@id":"https:\/\/www.behavior.com.br\/blog\/pt\/os-homens-nao-querem-a-independencia-mas-a-liberdade\/","url":"https:\/\/www.behavior.com.br\/blog\/pt\/os-homens-nao-querem-a-independencia-mas-a-liberdade\/","name":"Os homens n\u00e3o querem a indep\u00eand\u00eancia mas a liberdadeOs homens n\u00e3o querem a indep\u00eand\u00eancia mas a liberdadeOs homens n\u00e3o querem a indep\u00eand\u00eancia mas a liberdade - Behavior Blog","isPartOf":{"@id":"https:\/\/www.behavior.com.br\/blog\/pt\/#website"},"datePublished":"2016-05-10T18:08:36+00:00","dateModified":"2016-05-11T00:22:28+00:00","breadcrumb":{"@id":"https:\/\/www.behavior.com.br\/blog\/pt\/os-homens-nao-querem-a-independencia-mas-a-liberdade\/#breadcrumb"},"inLanguage":"pt-BR","potentialAction":[{"@type":"ReadAction","target":["https:\/\/www.behavior.com.br\/blog\/pt\/os-homens-nao-querem-a-independencia-mas-a-liberdade\/"]}]},{"@type":"BreadcrumbList","@id":"https:\/\/www.behavior.com.br\/blog\/pt\/os-homens-nao-querem-a-independencia-mas-a-liberdade\/#breadcrumb","itemListElement":[{"@type":"ListItem","position":1,"name":"Home","item":"https:\/\/www.behavior.com.br\/blog\/pt\/"},{"@type":"ListItem","position":2,"name":"Os homens n\u00e3o querem a indep\u00eand\u00eancia mas a liberdade"}]},{"@type":"WebSite","@id":"https:\/\/www.behavior.com.br\/blog\/pt\/#website","url":"https:\/\/www.behavior.com.br\/blog\/pt\/","name":"Behavior Blog","description":"Aborda os Movimentos Humanos detectados pela behavior nos seus estudos","potentialAction":[{"@type":"SearchAction","target":{"@type":"EntryPoint","urlTemplate":"https:\/\/www.behavior.com.br\/blog\/pt\/?s={search_term_string}"},"query-input":{"@type":"PropertyValueSpecification","valueRequired":true,"valueName":"search_term_string"}}],"inLanguage":"pt-BR"}]}},"_links":{"self":[{"href":"https:\/\/www.behavior.com.br\/blog\/pt\/wp-json\/wp\/v2\/pages\/985","targetHints":{"allow":["GET"]}}],"collection":[{"href":"https:\/\/www.behavior.com.br\/blog\/pt\/wp-json\/wp\/v2\/pages"}],"about":[{"href":"https:\/\/www.behavior.com.br\/blog\/pt\/wp-json\/wp\/v2\/types\/page"}],"author":[{"embeddable":true,"href":"https:\/\/www.behavior.com.br\/blog\/pt\/wp-json\/wp\/v2\/users\/3"}],"replies":[{"embeddable":true,"href":"https:\/\/www.behavior.com.br\/blog\/pt\/wp-json\/wp\/v2\/comments?post=985"}],"version-history":[{"count":3,"href":"https:\/\/www.behavior.com.br\/blog\/pt\/wp-json\/wp\/v2\/pages\/985\/revisions"}],"predecessor-version":[{"id":1076,"href":"https:\/\/www.behavior.com.br\/blog\/pt\/wp-json\/wp\/v2\/pages\/985\/revisions\/1076"}],"wp:attachment":[{"href":"https:\/\/www.behavior.com.br\/blog\/pt\/wp-json\/wp\/v2\/media?parent=985"}],"curies":[{"name":"wp","href":"https:\/\/api.w.org\/{rel}","templated":true}]}}